{"id":268,"date":"2022-08-29T13:17:14","date_gmt":"2022-08-29T11:17:14","guid":{"rendered":"https:\/\/sub-merci.com\/?page_id=268"},"modified":"2023-12-16T19:18:29","modified_gmt":"2023-12-16T18:18:29","slug":"disques-vinyles-artisanaux","status":"publish","type":"page","link":"https:\/\/sub-merci.com\/index.php\/fr\/disques-vinyles-artisanaux\/","title":{"rendered":"Disques vinyles artisanaux"},"content":{"rendered":"\n<p>Les disques de Sub Merci propos\u00e9s \u00e0 la vente ci-dessous sont grav\u00e9s de mani\u00e8re artisanale.<br>Chaque disque est unique, chaque s\u00e9rie limit\u00e9e est le fruit de recherches et de tr\u00e8s nombreux essais sur les mat\u00e9riaux grav\u00e9s.<br>La r\u00e9alisation plastique se fait avec une attention particuli\u00e8re au lien entre objet physique et expression musicale.<\/p>\n\n\n\n<hr class=\"wp-block-separator has-alpha-channel-opacity\"\/>\n\n\n\n<p class=\"has-text-align-center\"><strong>&lsquo;visage&rsquo;<\/strong><\/p>\n\n\n<div class=\"wp-block-image is-resized\">\n<figure class=\"aligncenter size-large\"><img loading=\"lazy\" decoding=\"async\" width=\"1024\" height=\"819\" src=\"https:\/\/sub-merci.com\/wp-content\/uploads\/2023\/12\/visage-bandcamp-1-1024x819.jpg\" alt=\"\" class=\"wp-image-790\" style=\"width:492px;height:auto\" srcset=\"https:\/\/sub-merci.com\/wp-content\/uploads\/2023\/12\/visage-bandcamp-1-1024x819.jpg 1024w, https:\/\/sub-merci.com\/wp-content\/uploads\/2023\/12\/visage-bandcamp-1-300x240.jpg 300w, https:\/\/sub-merci.com\/wp-content\/uploads\/2023\/12\/visage-bandcamp-1-768x615.jpg 768w, https:\/\/sub-merci.com\/wp-content\/uploads\/2023\/12\/visage-bandcamp-1-1536x1229.jpg 1536w, https:\/\/sub-merci.com\/wp-content\/uploads\/2023\/12\/visage-bandcamp-1-2048x1639.jpg 2048w\" sizes=\"auto, (max-width: 1024px) 100vw, 1024px\" \/><\/figure>\n<\/div>\n\n\n<p class=\"has-text-align-center\">Acheter \/ en savoir plus:<br><a href=\"https:\/\/submerci.bandcamp.com\/album\/visage\">https:\/\/submerci.bandcamp.com\/album\/visage<\/a><\/p>\n\n\n\n<div style=\"height:25px\" aria-hidden=\"true\" class=\"wp-block-spacer\"><\/div>\n\n\n\n<hr class=\"wp-block-separator has-alpha-channel-opacity\"\/>\n\n\n\n<p class=\"has-text-align-center\"><strong>&lsquo;le disque vert fonc\u00e9&rsquo;<\/strong><\/p>\n\n\n<div class=\"wp-block-image is-resized\">\n<figure class=\"aligncenter size-large\"><img loading=\"lazy\" decoding=\"async\" width=\"1024\" height=\"819\" src=\"https:\/\/sub-merci.com\/wp-content\/uploads\/2023\/12\/fonce-band-2-1024x819.jpg\" alt=\"\" class=\"wp-image-783\" style=\"width:492px;height:auto\" srcset=\"https:\/\/sub-merci.com\/wp-content\/uploads\/2023\/12\/fonce-band-2-1024x819.jpg 1024w, https:\/\/sub-merci.com\/wp-content\/uploads\/2023\/12\/fonce-band-2-300x240.jpg 300w, https:\/\/sub-merci.com\/wp-content\/uploads\/2023\/12\/fonce-band-2-768x614.jpg 768w, https:\/\/sub-merci.com\/wp-content\/uploads\/2023\/12\/fonce-band-2-1536x1229.jpg 1536w, https:\/\/sub-merci.com\/wp-content\/uploads\/2023\/12\/fonce-band-2.jpg 1905w\" sizes=\"auto, (max-width: 1024px) 100vw, 1024px\" \/><\/figure>\n<\/div>\n\n\n<p class=\"has-text-align-center\">Acheter \/ en savoir plus:<br><a href=\"https:\/\/submerci.bandcamp.com\/album\/le-disque-vert-fonc\">https:\/\/submerci.bandcamp.com\/album\/le-disque-vert-fonc<\/a><\/p>\n\n\n\n<div style=\"height:25px\" aria-hidden=\"true\" class=\"wp-block-spacer\"><\/div>\n\n\n\n<hr class=\"wp-block-separator has-alpha-channel-opacity\"\/>\n\n\n\n<p class=\"has-text-align-center\"><strong>&lsquo;le disque vert clair&rsquo;<\/strong><\/p>\n\n\n<div class=\"wp-block-image is-resized\">\n<figure class=\"aligncenter size-large\"><img loading=\"lazy\" decoding=\"async\" width=\"1024\" height=\"819\" src=\"https:\/\/sub-merci.com\/wp-content\/uploads\/2023\/12\/vert1band1-1024x819.jpg\" alt=\"\" class=\"wp-image-777\" style=\"width:492px;height:auto\" srcset=\"https:\/\/sub-merci.com\/wp-content\/uploads\/2023\/12\/vert1band1-1024x819.jpg 1024w, https:\/\/sub-merci.com\/wp-content\/uploads\/2023\/12\/vert1band1-300x240.jpg 300w, https:\/\/sub-merci.com\/wp-content\/uploads\/2023\/12\/vert1band1-768x614.jpg 768w, https:\/\/sub-merci.com\/wp-content\/uploads\/2023\/12\/vert1band1-1536x1229.jpg 1536w, https:\/\/sub-merci.com\/wp-content\/uploads\/2023\/12\/vert1band1-2048x1638.jpg 2048w\" sizes=\"auto, (max-width: 1024px) 100vw, 1024px\" \/><\/figure>\n<\/div>\n\n\n<p class=\"has-text-align-center\">Acheter \/ en savoir plus:<br><a href=\"https:\/\/submerci.bandcamp.com\/album\/le-disque-vert-clair\">https:\/\/submerci.bandcamp.com\/album\/le-disque-vert-clair<\/a><\/p>\n\n\n\n<div style=\"height:25px\" aria-hidden=\"true\" class=\"wp-block-spacer\"><\/div>\n\n\n\n<hr class=\"wp-block-separator has-alpha-channel-opacity\"\/>\n\n\n\n<p class=\"has-text-align-center\"><strong>&lsquo;noname nuage #1&rsquo;<\/strong><\/p>\n\n\n<div class=\"wp-block-image is-resized\">\n<figure class=\"aligncenter size-large\"><img loading=\"lazy\" decoding=\"async\" width=\"768\" height=\"1024\" src=\"https:\/\/sub-merci.com\/wp-content\/uploads\/2022\/12\/20221211_151102-768x1024.jpg\" alt=\"\" class=\"wp-image-648\" style=\"width:492px\" srcset=\"https:\/\/sub-merci.com\/wp-content\/uploads\/2022\/12\/20221211_151102-768x1024.jpg 768w, https:\/\/sub-merci.com\/wp-content\/uploads\/2022\/12\/20221211_151102-225x300.jpg 225w, https:\/\/sub-merci.com\/wp-content\/uploads\/2022\/12\/20221211_151102-1152x1536.jpg 1152w, https:\/\/sub-merci.com\/wp-content\/uploads\/2022\/12\/20221211_151102.jpg 1536w\" sizes=\"auto, (max-width: 768px) 100vw, 768px\" \/><\/figure>\n<\/div>\n\n\n<p class=\"has-text-align-center\">Acheter \/ en savoir plus:<br><a href=\"https:\/\/submerci.bandcamp.com\/merch\/noname-nuage-1\">https:\/\/submerci.bandcamp.com\/merch\/noname-nuage-1<\/a><\/p>\n\n\n\n<figure class=\"wp-block-embed is-type-video is-provider-youtube wp-block-embed-youtube wp-embed-aspect-16-9 wp-has-aspect-ratio\"><div class=\"wp-block-embed__wrapper\">\n<iframe loading=\"lazy\" title=\"Sub Merci - &#039;noname nuage #1&quot;\" width=\"640\" height=\"360\" src=\"https:\/\/www.youtube.com\/embed\/WezypATUkYQ?feature=oembed\" frameborder=\"0\" allow=\"accelerometer; autoplay; clipboard-write; encrypted-media; gyroscope; picture-in-picture; web-share\" referrerpolicy=\"strict-origin-when-cross-origin\" allowfullscreen><\/iframe>\n<\/div><\/figure>\n\n\n\n<div style=\"height:25px\" aria-hidden=\"true\" class=\"wp-block-spacer\"><\/div>\n\n\n\n<hr class=\"wp-block-separator has-alpha-channel-opacity\"\/>\n\n\n\n<p class=\"has-text-align-center\"><strong>&lsquo;noname nuage #2&rsquo;<\/strong><\/p>\n\n\n<div class=\"wp-block-image is-resized\">\n<figure class=\"aligncenter size-large\"><img loading=\"lazy\" decoding=\"async\" width=\"768\" height=\"1024\" src=\"https:\/\/sub-merci.com\/wp-content\/uploads\/2022\/12\/20221211_151402-2-768x1024.jpg\" alt=\"\" class=\"wp-image-649\" style=\"width:492px\" srcset=\"https:\/\/sub-merci.com\/wp-content\/uploads\/2022\/12\/20221211_151402-2-768x1024.jpg 768w, https:\/\/sub-merci.com\/wp-content\/uploads\/2022\/12\/20221211_151402-2-225x300.jpg 225w, https:\/\/sub-merci.com\/wp-content\/uploads\/2022\/12\/20221211_151402-2-1152x1536.jpg 1152w, https:\/\/sub-merci.com\/wp-content\/uploads\/2022\/12\/20221211_151402-2.jpg 1536w\" sizes=\"auto, (max-width: 768px) 100vw, 768px\" \/><\/figure>\n<\/div>\n\n\n<p class=\"has-text-align-center\">Acheter \/ en savoir plus:<br><a href=\"https:\/\/submerci.bandcamp.com\/merch\/noname-nuage-2\">https:\/\/submerci.bandcamp.com\/merch\/noname-nuage-2<\/a><\/p>\n\n\n\n<figure class=\"wp-block-embed is-type-video is-provider-youtube wp-block-embed-youtube wp-embed-aspect-16-9 wp-has-aspect-ratio\"><div class=\"wp-block-embed__wrapper\">\n<iframe loading=\"lazy\" title=\"Sub Merci - &#039;noname nuage #2&#039;\" width=\"640\" height=\"360\" src=\"https:\/\/www.youtube.com\/embed\/WnFGKVLzCGk?feature=oembed\" frameborder=\"0\" allow=\"accelerometer; autoplay; clipboard-write; encrypted-media; gyroscope; picture-in-picture; web-share\" referrerpolicy=\"strict-origin-when-cross-origin\" allowfullscreen><\/iframe>\n<\/div><\/figure>\n\n\n\n<div style=\"height:25px\" aria-hidden=\"true\" class=\"wp-block-spacer\"><\/div>\n\n\n\n<hr class=\"wp-block-separator has-alpha-channel-opacity\"\/>\n\n\n\n<p class=\"has-text-align-center\"><strong>&lsquo;noname nuage #3&rsquo;<\/strong><\/p>\n\n\n<div class=\"wp-block-image is-resized\">\n<figure class=\"aligncenter size-large\"><img loading=\"lazy\" decoding=\"async\" width=\"768\" height=\"1024\" src=\"https:\/\/sub-merci.com\/wp-content\/uploads\/2022\/12\/20221211_152507-2-768x1024.jpg\" alt=\"\" class=\"wp-image-650\" style=\"width:492px\" srcset=\"https:\/\/sub-merci.com\/wp-content\/uploads\/2022\/12\/20221211_152507-2-768x1024.jpg 768w, https:\/\/sub-merci.com\/wp-content\/uploads\/2022\/12\/20221211_152507-2-225x300.jpg 225w, https:\/\/sub-merci.com\/wp-content\/uploads\/2022\/12\/20221211_152507-2-1152x1536.jpg 1152w, https:\/\/sub-merci.com\/wp-content\/uploads\/2022\/12\/20221211_152507-2-1536x2048.jpg 1536w, https:\/\/sub-merci.com\/wp-content\/uploads\/2022\/12\/20221211_152507-2-scaled.jpg 1920w\" sizes=\"auto, (max-width: 768px) 100vw, 768px\" \/><\/figure>\n<\/div>\n\n\n<p class=\"has-text-align-center\">Acheter \/ en savoir plus:<br><a href=\"https:\/\/submerci.bandcamp.com\/merch\/noname-nuage-3\">https:\/\/submerci.bandcamp.com\/merch\/noname-nuage-3<\/a><\/p>\n\n\n\n<figure class=\"wp-block-embed is-type-video is-provider-youtube wp-block-embed-youtube wp-embed-aspect-16-9 wp-has-aspect-ratio\"><div class=\"wp-block-embed__wrapper\">\n<iframe loading=\"lazy\" title=\"Sub Merci - &#039;noname nuage #3&#039;\" width=\"640\" height=\"360\" src=\"https:\/\/www.youtube.com\/embed\/npTlghKCr5U?feature=oembed\" frameborder=\"0\" allow=\"accelerometer; autoplay; clipboard-write; encrypted-media; gyroscope; picture-in-picture; web-share\" referrerpolicy=\"strict-origin-when-cross-origin\" allowfullscreen><\/iframe>\n<\/div><\/figure>\n\n\n\n<div style=\"height:25px\" aria-hidden=\"true\" class=\"wp-block-spacer\"><\/div>\n\n\n\n<hr class=\"wp-block-separator has-alpha-channel-opacity\"\/>\n\n\n\n<p class=\"has-text-align-center\"><strong>&lsquo;noname nuage #4&rsquo;<\/strong><\/p>\n\n\n<div class=\"wp-block-image is-resized\">\n<figure class=\"aligncenter size-large\"><img loading=\"lazy\" decoding=\"async\" width=\"768\" height=\"1024\" src=\"https:\/\/sub-merci.com\/wp-content\/uploads\/2022\/12\/20221211_152950-2-768x1024.jpg\" alt=\"\" class=\"wp-image-651\" style=\"width:492px\" srcset=\"https:\/\/sub-merci.com\/wp-content\/uploads\/2022\/12\/20221211_152950-2-768x1024.jpg 768w, https:\/\/sub-merci.com\/wp-content\/uploads\/2022\/12\/20221211_152950-2-225x300.jpg 225w, https:\/\/sub-merci.com\/wp-content\/uploads\/2022\/12\/20221211_152950-2-1152x1536.jpg 1152w, https:\/\/sub-merci.com\/wp-content\/uploads\/2022\/12\/20221211_152950-2-1536x2048.jpg 1536w, https:\/\/sub-merci.com\/wp-content\/uploads\/2022\/12\/20221211_152950-2-scaled.jpg 1920w\" sizes=\"auto, (max-width: 768px) 100vw, 768px\" \/><\/figure>\n<\/div>\n\n\n<p class=\"has-text-align-center\">Acheter \/ en savoir plus:<br><a href=\"https:\/\/submerci.bandcamp.com\/merch\/noname-nuage-4\">https:\/\/submerci.bandcamp.com\/merch\/noname-nuage-4<\/a><\/p>\n\n\n\n<figure class=\"wp-block-embed is-type-video is-provider-youtube wp-block-embed-youtube wp-embed-aspect-16-9 wp-has-aspect-ratio\"><div class=\"wp-block-embed__wrapper\">\n<iframe loading=\"lazy\" title=\"Sub Merci - &#039;noname nuage #4&#039;\" width=\"640\" height=\"360\" src=\"https:\/\/www.youtube.com\/embed\/biSmm-516To?feature=oembed\" frameborder=\"0\" allow=\"accelerometer; autoplay; clipboard-write; encrypted-media; gyroscope; picture-in-picture; web-share\" referrerpolicy=\"strict-origin-when-cross-origin\" allowfullscreen><\/iframe>\n<\/div><\/figure>\n\n\n\n<div style=\"height:25px\" aria-hidden=\"true\" class=\"wp-block-spacer\"><\/div>\n\n\n\n<hr class=\"wp-block-separator has-alpha-channel-opacity\"\/>\n\n\n\n<p class=\"has-text-align-center\"><strong>&lsquo;noname nuage #5&rsquo;<\/strong><\/p>\n\n\n<div class=\"wp-block-image is-resized\">\n<figure class=\"aligncenter size-large\"><img loading=\"lazy\" decoding=\"async\" width=\"768\" height=\"1024\" src=\"https:\/\/sub-merci.com\/wp-content\/uploads\/2022\/12\/20221211_153518-2-768x1024.jpg\" alt=\"\" class=\"wp-image-662\" style=\"width:492px\" srcset=\"https:\/\/sub-merci.com\/wp-content\/uploads\/2022\/12\/20221211_153518-2-768x1024.jpg 768w, https:\/\/sub-merci.com\/wp-content\/uploads\/2022\/12\/20221211_153518-2-225x300.jpg 225w, https:\/\/sub-merci.com\/wp-content\/uploads\/2022\/12\/20221211_153518-2-1152x1536.jpg 1152w, https:\/\/sub-merci.com\/wp-content\/uploads\/2022\/12\/20221211_153518-2-1536x2048.jpg 1536w, https:\/\/sub-merci.com\/wp-content\/uploads\/2022\/12\/20221211_153518-2-scaled.jpg 1920w\" sizes=\"auto, (max-width: 768px) 100vw, 768px\" \/><\/figure>\n<\/div>\n\n\n<p class=\"has-text-align-center\">Acheter \/ en savoir plus:<br><a href=\"https:\/\/submerci.bandcamp.com\/merch\/noname-nuage-5\">https:\/\/submerci.bandcamp.com\/merch\/noname-nuage-5<\/a><\/p>\n\n\n\n<figure class=\"wp-block-embed is-type-video is-provider-youtube wp-block-embed-youtube wp-embed-aspect-16-9 wp-has-aspect-ratio\"><div class=\"wp-block-embed__wrapper\">\n<iframe loading=\"lazy\" title=\"Sub Merci - &#039;noname nuage #5&#039;\" width=\"640\" height=\"360\" src=\"https:\/\/www.youtube.com\/embed\/wrGjob9SjbE?feature=oembed\" frameborder=\"0\" allow=\"accelerometer; autoplay; clipboard-write; encrypted-media; gyroscope; picture-in-picture; web-share\" referrerpolicy=\"strict-origin-when-cross-origin\" allowfullscreen><\/iframe>\n<\/div><\/figure>\n\n\n\n<div style=\"height:25px\" aria-hidden=\"true\" class=\"wp-block-spacer\"><\/div>\n\n\n\n<hr class=\"wp-block-separator has-alpha-channel-opacity\"\/>\n\n\n\n<p class=\"has-text-align-center\"><strong>&lsquo;Fury thanks Jesus and various sponsors&rsquo;<\/strong><\/p>\n\n\n<div class=\"wp-block-image is-resized\">\n<figure class=\"aligncenter size-large\"><img loading=\"lazy\" decoding=\"async\" width=\"1024\" height=\"1024\" src=\"https:\/\/sub-merci.com\/wp-content\/uploads\/2022\/08\/20220617_1959172-1024x1024.jpg\" alt=\"\" class=\"wp-image-440\" style=\"width:492px\" srcset=\"https:\/\/sub-merci.com\/wp-content\/uploads\/2022\/08\/20220617_1959172-1024x1024.jpg 1024w, https:\/\/sub-merci.com\/wp-content\/uploads\/2022\/08\/20220617_1959172-300x300.jpg 300w, https:\/\/sub-merci.com\/wp-content\/uploads\/2022\/08\/20220617_1959172-150x150.jpg 150w, https:\/\/sub-merci.com\/wp-content\/uploads\/2022\/08\/20220617_1959172-768x768.jpg 768w, https:\/\/sub-merci.com\/wp-content\/uploads\/2022\/08\/20220617_1959172-1536x1536.jpg 1536w, https:\/\/sub-merci.com\/wp-content\/uploads\/2022\/08\/20220617_1959172-2048x2048.jpg 2048w\" sizes=\"auto, (max-width: 1024px) 100vw, 1024px\" \/><\/figure>\n<\/div>\n\n\n<p class=\"has-text-align-center\">Acheter \/ en savoir plus:<br><a href=\"https:\/\/submerci.bandcamp.com\/merch\/fury-thanks-jesus-and-various-sponsors\">https:\/\/submerci.bandcamp.com\/merch\/fury-thanks-jesus-and-various-sponsors<\/a><\/p>\n\n\n\n<figure class=\"wp-block-embed is-type-rich is-provider-prise-en-charge-des-contenus-embarqu-s wp-block-embed-prise-en-charge-des-contenus-embarqu-s wp-embed-aspect-4-3 wp-has-aspect-ratio\"><div class=\"wp-block-embed__wrapper\">\n<iframe loading=\"lazy\" title=\"SUB MERCI - &#039;Fury thanks Jesus and various sponsors&#039;\" width=\"640\" height=\"480\" src=\"https:\/\/www.youtube.com\/embed\/61mJAajmtrM?feature=oembed\" frameborder=\"0\" allow=\"accelerometer; autoplay; clipboard-write; encrypted-media; gyroscope; picture-in-picture; web-share\" referrerpolicy=\"strict-origin-when-cross-origin\" allowfullscreen><\/iframe>\n<\/div><\/figure>\n\n\n\n<div style=\"height:25px\" aria-hidden=\"true\" class=\"wp-block-spacer\"><\/div>\n\n\n\n<hr class=\"wp-block-separator has-alpha-channel-opacity\"\/>\n\n\n\n<div style=\"height:20px\" aria-hidden=\"true\" class=\"wp-block-spacer\"><\/div>\n\n\n\n<p class=\"has-text-align-center\"><strong>&lsquo;ari ari&rsquo;<\/strong><\/p>\n\n\n<div class=\"wp-block-image is-resized\">\n<figure class=\"aligncenter size-large\"><img loading=\"lazy\" decoding=\"async\" width=\"1024\" height=\"768\" src=\"https:\/\/sub-merci.com\/wp-content\/uploads\/2022\/08\/20220304_1223082-1-1024x768.jpg\" alt=\"\" class=\"wp-image-445\" style=\"width:492px\" srcset=\"https:\/\/sub-merci.com\/wp-content\/uploads\/2022\/08\/20220304_1223082-1-1024x768.jpg 1024w, https:\/\/sub-merci.com\/wp-content\/uploads\/2022\/08\/20220304_1223082-1-300x225.jpg 300w, https:\/\/sub-merci.com\/wp-content\/uploads\/2022\/08\/20220304_1223082-1-768x576.jpg 768w, https:\/\/sub-merci.com\/wp-content\/uploads\/2022\/08\/20220304_1223082-1-1536x1152.jpg 1536w, https:\/\/sub-merci.com\/wp-content\/uploads\/2022\/08\/20220304_1223082-1-2048x1536.jpg 2048w, https:\/\/sub-merci.com\/wp-content\/uploads\/2022\/08\/20220304_1223082-1-800x600.jpg 800w\" sizes=\"auto, (max-width: 1024px) 100vw, 1024px\" \/><\/figure>\n<\/div>\n\n\n<p class=\"has-text-align-center\">Acheter \/ en savoir plus:<br><a href=\"https:\/\/submerci.bandcamp.com\/merch\/ari-ari\">https:\/\/submerci.bandcamp.com\/merch\/ari-ari<\/a><\/p>\n\n\n\n<figure class=\"wp-block-embed is-type-video is-provider-youtube wp-block-embed-youtube wp-embed-aspect-4-3 wp-has-aspect-ratio\"><div class=\"wp-block-embed__wrapper\">\n<iframe loading=\"lazy\" title=\"SUB MERCI - &#039;ari ari&#039;\" width=\"640\" height=\"480\" src=\"https:\/\/www.youtube.com\/embed\/_4AcAqjxZHE?feature=oembed\" frameborder=\"0\" allow=\"accelerometer; autoplay; clipboard-write; encrypted-media; gyroscope; picture-in-picture; web-share\" referrerpolicy=\"strict-origin-when-cross-origin\" allowfullscreen><\/iframe>\n<\/div><\/figure>\n\n\n\n<div style=\"height:25px\" aria-hidden=\"true\" class=\"wp-block-spacer\"><\/div>\n\n\n\n<hr class=\"wp-block-separator has-alpha-channel-opacity\"\/>\n\n\n\n<div style=\"height:20px\" aria-hidden=\"true\" class=\"wp-block-spacer\"><\/div>\n\n\n\n<p class=\"has-text-align-center\"><strong>&lsquo;I OK&rsquo;<\/strong><\/p>\n\n\n<div class=\"wp-block-image is-resized\">\n<figure class=\"aligncenter size-large\"><img loading=\"lazy\" decoding=\"async\" width=\"1024\" height=\"1024\" src=\"https:\/\/sub-merci.com\/wp-content\/uploads\/2022\/08\/20220616_1835462-1024x1024.jpg\" alt=\"\" class=\"wp-image-450\" style=\"width:492px\" srcset=\"https:\/\/sub-merci.com\/wp-content\/uploads\/2022\/08\/20220616_1835462-1024x1024.jpg 1024w, https:\/\/sub-merci.com\/wp-content\/uploads\/2022\/08\/20220616_1835462-300x300.jpg 300w, https:\/\/sub-merci.com\/wp-content\/uploads\/2022\/08\/20220616_1835462-150x150.jpg 150w, https:\/\/sub-merci.com\/wp-content\/uploads\/2022\/08\/20220616_1835462-768x768.jpg 768w, https:\/\/sub-merci.com\/wp-content\/uploads\/2022\/08\/20220616_1835462-1536x1536.jpg 1536w, https:\/\/sub-merci.com\/wp-content\/uploads\/2022\/08\/20220616_1835462.jpg 1716w\" sizes=\"auto, (max-width: 1024px) 100vw, 1024px\" \/><\/figure>\n<\/div>\n\n\n<p class=\"has-text-align-center\">Acheter \/ en savoir plus:<br><a href=\"https:\/\/submerci.bandcamp.com\/merch\/sub-merci-i-ok-lathe-cut-record\">https:\/\/submerci.bandcamp.com\/merch\/sub-merci-i-ok-lathe-cut-record<\/a><\/p>\n\n\n\n<figure class=\"wp-block-embed is-type-rich is-provider-prise-en-charge-des-contenus-embarqu-s wp-block-embed-prise-en-charge-des-contenus-embarqu-s wp-embed-aspect-4-3 wp-has-aspect-ratio\"><div class=\"wp-block-embed__wrapper\">\n<iframe loading=\"lazy\" title=\"SUB MERCI - &#039;I OK&#039; - lathe cut\" width=\"640\" height=\"480\" src=\"https:\/\/www.youtube.com\/embed\/s5AX59AqPWw?feature=oembed\" frameborder=\"0\" allow=\"accelerometer; autoplay; clipboard-write; encrypted-media; gyroscope; picture-in-picture; web-share\" referrerpolicy=\"strict-origin-when-cross-origin\" allowfullscreen><\/iframe>\n<\/div><\/figure>\n","protected":false},"excerpt":{"rendered":"<p>Les disques de Sub Merci propos\u00e9s \u00e0 la vente ci-dessous sont grav\u00e9s de mani\u00e8re artisanale.Chaque disque est unique, chaque s\u00e9rie limit\u00e9e est le fruit de<\/p>\n","protected":false},"author":1,"featured_media":0,"parent":0,"menu_order":3,"comment_status":"closed","ping_status":"closed","template":"","meta":{"footnotes":""},"class_list":["post-268","page","type-page","status-publish","hentry"],"_links":{"self":[{"href":"https:\/\/sub-merci.com\/index.php\/wp-json\/wp\/v2\/pages\/268","targetHints":{"allow":["GET"]}}],"collection":[{"href":"https:\/\/sub-merci.com\/index.php\/wp-json\/wp\/v2\/pages"}],"about":[{"href":"https:\/\/sub-merci.com\/index.php\/wp-json\/wp\/v2\/types\/page"}],"author":[{"embeddable":true,"href":"https:\/\/sub-merci.com\/index.php\/wp-json\/wp\/v2\/users\/1"}],"replies":[{"embeddable":true,"href":"https:\/\/sub-merci.com\/index.php\/wp-json\/wp\/v2\/comments?post=268"}],"version-history":[{"count":40,"href":"https:\/\/sub-merci.com\/index.php\/wp-json\/wp\/v2\/pages\/268\/revisions"}],"predecessor-version":[{"id":805,"href":"https:\/\/sub-merci.com\/index.php\/wp-json\/wp\/v2\/pages\/268\/revisions\/805"}],"wp:attachment":[{"href":"https:\/\/sub-merci.com\/index.php\/wp-json\/wp\/v2\/media?parent=268"}],"curies":[{"name":"wp","href":"https:\/\/api.w.org\/{rel}","templated":true}]}}