{"id":271,"date":"2022-08-29T13:18:26","date_gmt":"2022-08-29T11:18:26","guid":{"rendered":"https:\/\/sub-merci.com\/?page_id=271"},"modified":"2023-12-11T14:26:21","modified_gmt":"2023-12-11T13:26:21","slug":"fawn-calls","status":"publish","type":"page","link":"https:\/\/sub-merci.com\/index.php\/fr\/fawn-calls\/","title":{"rendered":"Fawn Calls"},"content":{"rendered":"\n<p class=\"has-text-align-center\">Concerts pour 1001 smartphones<\/p>\n\n\n<div class=\"wp-block-image\">\n<figure class=\"aligncenter size-large is-resized\"><img loading=\"lazy\" decoding=\"async\" width=\"751\" height=\"1024\" src=\"https:\/\/sub-merci.com\/wp-content\/uploads\/2022\/09\/fawnflyer1-e1664127462686-751x1024.jpg\" alt=\"\" class=\"wp-image-539\" style=\"width:128px;height:175px\" srcset=\"https:\/\/sub-merci.com\/wp-content\/uploads\/2022\/09\/fawnflyer1-e1664127462686-751x1024.jpg 751w, https:\/\/sub-merci.com\/wp-content\/uploads\/2022\/09\/fawnflyer1-e1664127462686-220x300.jpg 220w, https:\/\/sub-merci.com\/wp-content\/uploads\/2022\/09\/fawnflyer1-e1664127462686-768x1048.jpg 768w, https:\/\/sub-merci.com\/wp-content\/uploads\/2022\/09\/fawnflyer1-e1664127462686-1126x1536.jpg 1126w, https:\/\/sub-merci.com\/wp-content\/uploads\/2022\/09\/fawnflyer1-e1664127462686.jpg 1154w\" sizes=\"auto, (max-width: 751px) 100vw, 751px\" \/><\/figure>\n<\/div>\n\n\n<hr class=\"wp-block-separator has-alpha-channel-opacity\"\/>\n\n\n\n<p class=\"has-text-align-center\">Teaser 2022<\/p>\n\n\n\n<figure class=\"wp-block-embed is-type-video is-provider-youtube wp-block-embed-youtube wp-embed-aspect-16-9 wp-has-aspect-ratio\"><div class=\"wp-block-embed__wrapper\">\n<iframe loading=\"lazy\" title=\"FAWN CALLS \/ Sub Merci - concerts pour 1001 smartphones (teaser 2022)\" width=\"640\" height=\"360\" src=\"https:\/\/www.youtube.com\/embed\/kUe6ej1A0a4?feature=oembed\" frameborder=\"0\" allow=\"accelerometer; autoplay; clipboard-write; encrypted-media; gyroscope; picture-in-picture; web-share\" referrerpolicy=\"strict-origin-when-cross-origin\" allowfullscreen><\/iframe>\n<\/div><\/figure>\n\n\n\n<hr class=\"wp-block-separator has-alpha-channel-opacity\"\/>\n\n\n\n<blockquote class=\"wp-block-quote is-layout-flow wp-block-quote-is-layout-flow\">\n<p>\u00ab\u00a0Une petite musique chamanique et douce, organique et num\u00e9rique.<\/p>\n\n\n\n<p>D\u00e9multipli\u00e9e sur les haut-parleurs des smartphones du public, en une transe intime et immersive.\u00a0\u00bb<\/p>\n<\/blockquote>\n\n\n\n<hr class=\"wp-block-separator has-alpha-channel-opacity\"\/>\n\n\n\n<p class=\"has-text-align-center\">Concerts<\/p>\n\n\n\n<p><s><strong>Samedi 7 Octobre 2023 \u00e0 19h<\/strong> &#8211; soir\u00e9e organis\u00e9e par Serendip Lab \u00e0 <strong>Paris <\/strong>(75), L&rsquo;Openbach Galerie.<\/s><\/p>\n\n\n\n<p><s><strong>Vendredi 14 Juillet 2023 \u00e0 18h<\/strong> &#8211; Dansons les Flonflons \u00e0 <strong>Paris <\/strong>(75), Cirque Electrique.<\/s><\/p>\n\n\n\n<p><s><strong>Dimanche 30 Avril 2023 \u00e0 20h<\/strong> &#8211; Festival INACT \u00e0 <strong>Strasbourg <\/strong>(67), Th\u00e9\u00e2tre de Hautepierre.<\/s><\/p>\n\n\n\n<p><s><strong>Samedi 11 F\u00e9vrier 2023 \u00e0 19h30<\/strong> &#8211; Le Cri Du Singe \u00e0 <strong>Montreuil <\/strong>(93), 46 rue Marceau.<\/s><\/p>\n\n\n\n<p><s><strong>Dimanche 9 Octobre 2022<\/strong> <strong>\u00e0 17h<\/strong> &#8211; Festival Micro Contact \u00e0 <strong>Crest<\/strong> (26) &#8211; Parc du Bosquet.<\/s><\/p>\n\n\n\n<p><s><strong>Mercredi 6 Juillet 2022 \u00e0 19h<\/strong> &#8211; Festival Pionnat Dans La Rue \u00e0 <strong>Menardeix<\/strong> (23) &#8211; Place Principale.<\/s><\/p>\n\n\n\n<p><s><strong>Samedi 3 Juillet 2021 \u00e0 19h<\/strong> &#8211; L&rsquo;Aimant Bar, <strong>Fontenay-sous-Bois<\/strong> (94) &#8211; Square Daumain.<\/s><\/p>\n\n\n\n<p><s><strong>Samedi 17 avril 2021 \u00e0 15h<\/strong> &#8211; Festival Numok, M\u00e9diath\u00e8que Musicale de <strong>Paris <\/strong>(75), Forum des Halles.<\/s><\/p>\n\n\n\n<figure class=\"wp-block-image size-large\"><img loading=\"lazy\" decoding=\"async\" width=\"1024\" height=\"576\" src=\"https:\/\/sub-merci.com\/wp-content\/uploads\/2023\/02\/fawncalls-cridusinge6-2-1024x576.jpg\" alt=\"\" class=\"wp-image-728\" srcset=\"https:\/\/sub-merci.com\/wp-content\/uploads\/2023\/02\/fawncalls-cridusinge6-2-1024x576.jpg 1024w, https:\/\/sub-merci.com\/wp-content\/uploads\/2023\/02\/fawncalls-cridusinge6-2-300x169.jpg 300w, https:\/\/sub-merci.com\/wp-content\/uploads\/2023\/02\/fawncalls-cridusinge6-2-768x432.jpg 768w, https:\/\/sub-merci.com\/wp-content\/uploads\/2023\/02\/fawncalls-cridusinge6-2-1536x864.jpg 1536w, https:\/\/sub-merci.com\/wp-content\/uploads\/2023\/02\/fawncalls-cridusinge6-2-2048x1152.jpg 2048w\" sizes=\"auto, (max-width: 1024px) 100vw, 1024px\" \/><\/figure>\n\n\n\n<figure class=\"wp-block-image size-large\"><img loading=\"lazy\" decoding=\"async\" width=\"1024\" height=\"576\" src=\"https:\/\/sub-merci.com\/wp-content\/uploads\/2023\/02\/fawncalls-cridusinge5-2-1024x576.jpg\" alt=\"\" class=\"wp-image-727\" srcset=\"https:\/\/sub-merci.com\/wp-content\/uploads\/2023\/02\/fawncalls-cridusinge5-2-1024x576.jpg 1024w, https:\/\/sub-merci.com\/wp-content\/uploads\/2023\/02\/fawncalls-cridusinge5-2-300x169.jpg 300w, https:\/\/sub-merci.com\/wp-content\/uploads\/2023\/02\/fawncalls-cridusinge5-2-768x432.jpg 768w, https:\/\/sub-merci.com\/wp-content\/uploads\/2023\/02\/fawncalls-cridusinge5-2-1536x864.jpg 1536w, https:\/\/sub-merci.com\/wp-content\/uploads\/2023\/02\/fawncalls-cridusinge5-2-2048x1152.jpg 2048w\" sizes=\"auto, (max-width: 1024px) 100vw, 1024px\" \/><\/figure>\n\n\n\n<figure class=\"wp-block-image size-large\"><img loading=\"lazy\" decoding=\"async\" width=\"1024\" height=\"576\" src=\"https:\/\/sub-merci.com\/wp-content\/uploads\/2023\/01\/public-plongeant-pionnat1-1024x576.jpg\" alt=\"\" class=\"wp-image-697\" srcset=\"https:\/\/sub-merci.com\/wp-content\/uploads\/2023\/01\/public-plongeant-pionnat1-1024x576.jpg 1024w, https:\/\/sub-merci.com\/wp-content\/uploads\/2023\/01\/public-plongeant-pionnat1-300x169.jpg 300w, https:\/\/sub-merci.com\/wp-content\/uploads\/2023\/01\/public-plongeant-pionnat1-768x432.jpg 768w, https:\/\/sub-merci.com\/wp-content\/uploads\/2023\/01\/public-plongeant-pionnat1-1536x864.jpg 1536w, https:\/\/sub-merci.com\/wp-content\/uploads\/2023\/01\/public-plongeant-pionnat1-2048x1152.jpg 2048w\" sizes=\"auto, (max-width: 1024px) 100vw, 1024px\" \/><\/figure>\n\n\n\n<figure class=\"wp-block-gallery has-nested-images columns-2 wp-block-gallery-1 is-layout-flex wp-block-gallery-is-layout-flex\">\n<figure class=\"wp-block-image size-large\"><img loading=\"lazy\" decoding=\"async\" width=\"1024\" height=\"576\" data-id=\"701\" src=\"https:\/\/sub-merci.com\/wp-content\/uploads\/2023\/01\/visagepionnat2-1024x576.jpg\" alt=\"\" class=\"wp-image-701\" srcset=\"https:\/\/sub-merci.com\/wp-content\/uploads\/2023\/01\/visagepionnat2-1024x576.jpg 1024w, https:\/\/sub-merci.com\/wp-content\/uploads\/2023\/01\/visagepionnat2-300x169.jpg 300w, https:\/\/sub-merci.com\/wp-content\/uploads\/2023\/01\/visagepionnat2-768x432.jpg 768w, https:\/\/sub-merci.com\/wp-content\/uploads\/2023\/01\/visagepionnat2-1536x864.jpg 1536w, https:\/\/sub-merci.com\/wp-content\/uploads\/2023\/01\/visagepionnat2-2048x1152.jpg 2048w\" sizes=\"auto, (max-width: 1024px) 100vw, 1024px\" \/><\/figure>\n\n\n\n<figure class=\"wp-block-image size-large\"><img loading=\"lazy\" decoding=\"async\" width=\"752\" height=\"1024\" data-id=\"700\" src=\"https:\/\/sub-merci.com\/wp-content\/uploads\/2023\/01\/santour2-2-752x1024.jpg\" alt=\"\" class=\"wp-image-700\" srcset=\"https:\/\/sub-merci.com\/wp-content\/uploads\/2023\/01\/santour2-2-752x1024.jpg 752w, https:\/\/sub-merci.com\/wp-content\/uploads\/2023\/01\/santour2-2-220x300.jpg 220w, https:\/\/sub-merci.com\/wp-content\/uploads\/2023\/01\/santour2-2-768x1046.jpg 768w, https:\/\/sub-merci.com\/wp-content\/uploads\/2023\/01\/santour2-2-1128x1536.jpg 1128w, https:\/\/sub-merci.com\/wp-content\/uploads\/2023\/01\/santour2-2-1504x2048.jpg 1504w, https:\/\/sub-merci.com\/wp-content\/uploads\/2023\/01\/santour2-2-scaled.jpg 1880w\" sizes=\"auto, (max-width: 752px) 100vw, 752px\" \/><\/figure>\n\n\n\n<figure class=\"wp-block-image size-large\"><img loading=\"lazy\" decoding=\"async\" width=\"1024\" height=\"768\" data-id=\"696\" src=\"https:\/\/sub-merci.com\/wp-content\/uploads\/2023\/01\/psalterion-1024x768.jpg\" alt=\"\" class=\"wp-image-696\" srcset=\"https:\/\/sub-merci.com\/wp-content\/uploads\/2023\/01\/psalterion-1024x768.jpg 1024w, https:\/\/sub-merci.com\/wp-content\/uploads\/2023\/01\/psalterion-300x225.jpg 300w, https:\/\/sub-merci.com\/wp-content\/uploads\/2023\/01\/psalterion-768x576.jpg 768w, https:\/\/sub-merci.com\/wp-content\/uploads\/2023\/01\/psalterion-800x600.jpg 800w, https:\/\/sub-merci.com\/wp-content\/uploads\/2023\/01\/psalterion.jpg 1440w\" sizes=\"auto, (max-width: 1024px) 100vw, 1024px\" \/><\/figure>\n\n\n\n<figure class=\"wp-block-image size-large\"><img loading=\"lazy\" decoding=\"async\" width=\"1024\" height=\"1024\" data-id=\"695\" src=\"https:\/\/sub-merci.com\/wp-content\/uploads\/2023\/01\/pionnat4-1024x1024.jpg\" alt=\"\" class=\"wp-image-695\" srcset=\"https:\/\/sub-merci.com\/wp-content\/uploads\/2023\/01\/pionnat4-1024x1024.jpg 1024w, https:\/\/sub-merci.com\/wp-content\/uploads\/2023\/01\/pionnat4-300x300.jpg 300w, https:\/\/sub-merci.com\/wp-content\/uploads\/2023\/01\/pionnat4-150x150.jpg 150w, https:\/\/sub-merci.com\/wp-content\/uploads\/2023\/01\/pionnat4-768x768.jpg 768w, https:\/\/sub-merci.com\/wp-content\/uploads\/2023\/01\/pionnat4.jpg 1205w\" sizes=\"auto, (max-width: 1024px) 100vw, 1024px\" \/><\/figure>\n\n\n\n<figure class=\"wp-block-image size-full\"><img loading=\"lazy\" decoding=\"async\" width=\"1025\" height=\"1025\" data-id=\"694\" src=\"https:\/\/sub-merci.com\/wp-content\/uploads\/2023\/01\/pionnat3.jpg\" alt=\"\" class=\"wp-image-694\" srcset=\"https:\/\/sub-merci.com\/wp-content\/uploads\/2023\/01\/pionnat3.jpg 1025w, https:\/\/sub-merci.com\/wp-content\/uploads\/2023\/01\/pionnat3-300x300.jpg 300w, https:\/\/sub-merci.com\/wp-content\/uploads\/2023\/01\/pionnat3-150x150.jpg 150w, https:\/\/sub-merci.com\/wp-content\/uploads\/2023\/01\/pionnat3-768x768.jpg 768w\" sizes=\"auto, (max-width: 1025px) 100vw, 1025px\" \/><\/figure>\n\n\n\n<figure class=\"wp-block-image size-large\"><img loading=\"lazy\" decoding=\"async\" width=\"1024\" height=\"745\" data-id=\"693\" src=\"https:\/\/sub-merci.com\/wp-content\/uploads\/2023\/01\/pionnat2-2-1024x745.jpg\" alt=\"\" class=\"wp-image-693\" srcset=\"https:\/\/sub-merci.com\/wp-content\/uploads\/2023\/01\/pionnat2-2-1024x745.jpg 1024w, https:\/\/sub-merci.com\/wp-content\/uploads\/2023\/01\/pionnat2-2-300x218.jpg 300w, https:\/\/sub-merci.com\/wp-content\/uploads\/2023\/01\/pionnat2-2-768x559.jpg 768w, https:\/\/sub-merci.com\/wp-content\/uploads\/2023\/01\/pionnat2-2-1536x1117.jpg 1536w, https:\/\/sub-merci.com\/wp-content\/uploads\/2023\/01\/pionnat2-2.jpg 1980w\" sizes=\"auto, (max-width: 1024px) 100vw, 1024px\" \/><\/figure>\n\n\n\n<figure class=\"wp-block-image size-large\"><img loading=\"lazy\" decoding=\"async\" width=\"1024\" height=\"576\" data-id=\"692\" src=\"https:\/\/sub-merci.com\/wp-content\/uploads\/2023\/01\/pionnat1-1024x576.jpg\" alt=\"\" class=\"wp-image-692\" srcset=\"https:\/\/sub-merci.com\/wp-content\/uploads\/2023\/01\/pionnat1-1024x576.jpg 1024w, https:\/\/sub-merci.com\/wp-content\/uploads\/2023\/01\/pionnat1-300x169.jpg 300w, https:\/\/sub-merci.com\/wp-content\/uploads\/2023\/01\/pionnat1-768x432.jpg 768w, https:\/\/sub-merci.com\/wp-content\/uploads\/2023\/01\/pionnat1-1536x864.jpg 1536w, https:\/\/sub-merci.com\/wp-content\/uploads\/2023\/01\/pionnat1-2048x1152.jpg 2048w\" sizes=\"auto, (max-width: 1024px) 100vw, 1024px\" \/><\/figure>\n\n\n\n<figure class=\"wp-block-image size-large\"><img loading=\"lazy\" decoding=\"async\" width=\"576\" height=\"1024\" data-id=\"690\" src=\"https:\/\/sub-merci.com\/wp-content\/uploads\/2023\/01\/liere-surex-576x1024.jpg\" alt=\"\" class=\"wp-image-690\" srcset=\"https:\/\/sub-merci.com\/wp-content\/uploads\/2023\/01\/liere-surex-576x1024.jpg 576w, https:\/\/sub-merci.com\/wp-content\/uploads\/2023\/01\/liere-surex-169x300.jpg 169w, https:\/\/sub-merci.com\/wp-content\/uploads\/2023\/01\/liere-surex-768x1365.jpg 768w, https:\/\/sub-merci.com\/wp-content\/uploads\/2023\/01\/liere-surex-864x1536.jpg 864w, https:\/\/sub-merci.com\/wp-content\/uploads\/2023\/01\/liere-surex-1152x2048.jpg 1152w, https:\/\/sub-merci.com\/wp-content\/uploads\/2023\/01\/liere-surex-scaled.jpg 1440w\" sizes=\"auto, (max-width: 576px) 100vw, 576px\" \/><\/figure>\n\n\n\n<figure class=\"wp-block-image size-large\"><img loading=\"lazy\" decoding=\"async\" width=\"1024\" height=\"1024\" data-id=\"689\" src=\"https:\/\/sub-merci.com\/wp-content\/uploads\/2023\/01\/liereblancderrierebranche-1024x1024.jpg\" alt=\"\" class=\"wp-image-689\" srcset=\"https:\/\/sub-merci.com\/wp-content\/uploads\/2023\/01\/liereblancderrierebranche-1024x1024.jpg 1024w, https:\/\/sub-merci.com\/wp-content\/uploads\/2023\/01\/liereblancderrierebranche-300x300.jpg 300w, https:\/\/sub-merci.com\/wp-content\/uploads\/2023\/01\/liereblancderrierebranche-150x150.jpg 150w, https:\/\/sub-merci.com\/wp-content\/uploads\/2023\/01\/liereblancderrierebranche-768x768.jpg 768w, https:\/\/sub-merci.com\/wp-content\/uploads\/2023\/01\/liereblancderrierebranche-1536x1536.jpg 1536w, https:\/\/sub-merci.com\/wp-content\/uploads\/2023\/01\/liereblancderrierebranche-2048x2048.jpg 2048w\" sizes=\"auto, (max-width: 1024px) 100vw, 1024px\" \/><\/figure>\n\n\n\n<figure class=\"wp-block-image size-large\"><img loading=\"lazy\" decoding=\"async\" width=\"1024\" height=\"1024\" data-id=\"688\" src=\"https:\/\/sub-merci.com\/wp-content\/uploads\/2023\/01\/laimantbar-2-1024x1024.jpg\" alt=\"\" class=\"wp-image-688\" srcset=\"https:\/\/sub-merci.com\/wp-content\/uploads\/2023\/01\/laimantbar-2-1024x1024.jpg 1024w, https:\/\/sub-merci.com\/wp-content\/uploads\/2023\/01\/laimantbar-2-300x300.jpg 300w, https:\/\/sub-merci.com\/wp-content\/uploads\/2023\/01\/laimantbar-2-150x150.jpg 150w, https:\/\/sub-merci.com\/wp-content\/uploads\/2023\/01\/laimantbar-2-768x768.jpg 768w, https:\/\/sub-merci.com\/wp-content\/uploads\/2023\/01\/laimantbar-2.jpg 1086w\" sizes=\"auto, (max-width: 1024px) 100vw, 1024px\" \/><\/figure>\n\n\n\n<figure class=\"wp-block-image size-large\"><img loading=\"lazy\" decoding=\"async\" width=\"828\" height=\"1024\" data-id=\"687\" src=\"https:\/\/sub-merci.com\/wp-content\/uploads\/2023\/01\/jeu-en-interieur-2-828x1024.jpg\" alt=\"\" class=\"wp-image-687\" srcset=\"https:\/\/sub-merci.com\/wp-content\/uploads\/2023\/01\/jeu-en-interieur-2-828x1024.jpg 828w, https:\/\/sub-merci.com\/wp-content\/uploads\/2023\/01\/jeu-en-interieur-2-242x300.jpg 242w, https:\/\/sub-merci.com\/wp-content\/uploads\/2023\/01\/jeu-en-interieur-2-768x950.jpg 768w, https:\/\/sub-merci.com\/wp-content\/uploads\/2023\/01\/jeu-en-interieur-2.jpg 1197w\" sizes=\"auto, (max-width: 828px) 100vw, 828px\" \/><\/figure>\n\n\n\n<figure class=\"wp-block-image size-large\"><img loading=\"lazy\" decoding=\"async\" width=\"853\" height=\"1024\" data-id=\"698\" src=\"https:\/\/sub-merci.com\/wp-content\/uploads\/2023\/01\/puredatacapture2-853x1024.jpg\" alt=\"\" class=\"wp-image-698\" srcset=\"https:\/\/sub-merci.com\/wp-content\/uploads\/2023\/01\/puredatacapture2-853x1024.jpg 853w, https:\/\/sub-merci.com\/wp-content\/uploads\/2023\/01\/puredatacapture2-250x300.jpg 250w, https:\/\/sub-merci.com\/wp-content\/uploads\/2023\/01\/puredatacapture2-768x922.jpg 768w, https:\/\/sub-merci.com\/wp-content\/uploads\/2023\/01\/puredatacapture2.jpg 855w\" sizes=\"auto, (max-width: 853px) 100vw, 853px\" \/><\/figure>\n\n\n\n<figure class=\"wp-block-image size-large\"><img loading=\"lazy\" decoding=\"async\" width=\"1024\" height=\"576\" data-id=\"686\" src=\"https:\/\/sub-merci.com\/wp-content\/uploads\/2023\/01\/instruments-pionnat1-1024x576.jpg\" alt=\"\" class=\"wp-image-686\" srcset=\"https:\/\/sub-merci.com\/wp-content\/uploads\/2023\/01\/instruments-pionnat1-1024x576.jpg 1024w, https:\/\/sub-merci.com\/wp-content\/uploads\/2023\/01\/instruments-pionnat1-300x169.jpg 300w, https:\/\/sub-merci.com\/wp-content\/uploads\/2023\/01\/instruments-pionnat1-768x432.jpg 768w, https:\/\/sub-merci.com\/wp-content\/uploads\/2023\/01\/instruments-pionnat1-1536x864.jpg 1536w, https:\/\/sub-merci.com\/wp-content\/uploads\/2023\/01\/instruments-pionnat1-2048x1152.jpg 2048w\" sizes=\"auto, (max-width: 1024px) 100vw, 1024px\" \/><\/figure>\n\n\n\n<figure class=\"wp-block-image size-large\"><img loading=\"lazy\" decoding=\"async\" width=\"1024\" height=\"768\" data-id=\"685\" src=\"https:\/\/sub-merci.com\/wp-content\/uploads\/2023\/01\/drome1-1024x768.jpg\" alt=\"\" class=\"wp-image-685\" srcset=\"https:\/\/sub-merci.com\/wp-content\/uploads\/2023\/01\/drome1-1024x768.jpg 1024w, https:\/\/sub-merci.com\/wp-content\/uploads\/2023\/01\/drome1-300x225.jpg 300w, https:\/\/sub-merci.com\/wp-content\/uploads\/2023\/01\/drome1-768x576.jpg 768w, https:\/\/sub-merci.com\/wp-content\/uploads\/2023\/01\/drome1-1536x1152.jpg 1536w, https:\/\/sub-merci.com\/wp-content\/uploads\/2023\/01\/drome1-2048x1536.jpg 2048w, https:\/\/sub-merci.com\/wp-content\/uploads\/2023\/01\/drome1-800x600.jpg 800w\" sizes=\"auto, (max-width: 1024px) 100vw, 1024px\" \/><\/figure>\n\n\n\n<figure class=\"wp-block-image size-large\"><img loading=\"lazy\" decoding=\"async\" width=\"1024\" height=\"660\" data-id=\"684\" src=\"https:\/\/sub-merci.com\/wp-content\/uploads\/2023\/01\/Crest-6-2-3-1024x660.jpg\" alt=\"\" class=\"wp-image-684\" srcset=\"https:\/\/sub-merci.com\/wp-content\/uploads\/2023\/01\/Crest-6-2-3-1024x660.jpg 1024w, https:\/\/sub-merci.com\/wp-content\/uploads\/2023\/01\/Crest-6-2-3-300x193.jpg 300w, https:\/\/sub-merci.com\/wp-content\/uploads\/2023\/01\/Crest-6-2-3-768x495.jpg 768w, https:\/\/sub-merci.com\/wp-content\/uploads\/2023\/01\/Crest-6-2-3-1536x990.jpg 1536w, https:\/\/sub-merci.com\/wp-content\/uploads\/2023\/01\/Crest-6-2-3-2048x1320.jpg 2048w\" sizes=\"auto, (max-width: 1024px) 100vw, 1024px\" \/><\/figure>\n<\/figure>\n","protected":false},"excerpt":{"rendered":"<p>Concerts pour 1001 smartphones Teaser 2022 \u00ab\u00a0Une petite musique chamanique et douce, organique et num\u00e9rique. D\u00e9multipli\u00e9e sur les haut-parleurs des smartphones du public, en une<\/p>\n","protected":false},"author":1,"featured_media":0,"parent":0,"menu_order":2,"comment_status":"closed","ping_status":"closed","template":"","meta":{"footnotes":""},"class_list":["post-271","page","type-page","status-publish","hentry"],"_links":{"self":[{"href":"https:\/\/sub-merci.com\/index.php\/wp-json\/wp\/v2\/pages\/271","targetHints":{"allow":["GET"]}}],"collection":[{"href":"https:\/\/sub-merci.com\/index.php\/wp-json\/wp\/v2\/pages"}],"about":[{"href":"https:\/\/sub-merci.com\/index.php\/wp-json\/wp\/v2\/types\/page"}],"author":[{"embeddable":true,"href":"https:\/\/sub-merci.com\/index.php\/wp-json\/wp\/v2\/users\/1"}],"replies":[{"embeddable":true,"href":"https:\/\/sub-merci.com\/index.php\/wp-json\/wp\/v2\/comments?post=271"}],"version-history":[{"count":44,"href":"https:\/\/sub-merci.com\/index.php\/wp-json\/wp\/v2\/pages\/271\/revisions"}],"predecessor-version":[{"id":774,"href":"https:\/\/sub-merci.com\/index.php\/wp-json\/wp\/v2\/pages\/271\/revisions\/774"}],"wp:attachment":[{"href":"https:\/\/sub-merci.com\/index.php\/wp-json\/wp\/v2\/media?parent=271"}],"curies":[{"name":"wp","href":"https:\/\/api.w.org\/{rel}","templated":true}]}}